{"id":53,"date":"2025-10-28T15:42:48","date_gmt":"2025-10-28T15:42:48","guid":{"rendered":"https:\/\/piktaan.com\/inicio\/services\/"},"modified":"2025-10-28T23:17:28","modified_gmt":"2025-10-28T23:17:28","slug":"servicios","status":"publish","type":"page","link":"https:\/\/piktaan.com\/inicio\/servicios\/","title":{"rendered":"Servicios"},"content":{"rendered":"\n\n\n\nCaracter\u00edsticas Disponibles\nEn Piktaan, ofrecemos caracter\u00edsticas \u00fanicas para mejorar tu experiencia de bienestar, combinando tecnolog\u00eda avanzada con un enfoque humano y c\u00e1lido.\n\nEnfoque Personalizado\nPlataforma Interactiva\nSoporte Continuo\nIntegraci\u00f3n de IA\n\n\n\n\n\n\n\n\n\nNuestro Portafolio\nExplora algunos de los trabajos y resultados que hemos logrado para nuestros clientes en el camino hacia el bienestar.\n\n\n\n\n\n\n\n\n\n\n\n\n\n\n\n\n\n\n\n\n\nLo Que Nos Hace \u00danicos\nLa combinaci\u00f3n de inteligencia artificial con un enfoque centrado en el ser humano garantiza que cada interacci\u00f3n contigo sea especial y transformadora.\n\n\n\n\n\n\n\n\n\nLo Que Dicen Nuestros Clientes\n\n\n\n\n\n\n\n\n\n\n\n\n\n\n&#8220;La experiencia en Piktaan ha cambiado mi vida. Cada sesi\u00f3n me ha ayudado a conocernos mejor y a encontrar mi paz interior.&#8221;\n\n\n\n\n\n\n&#8220;Gracias a Piktaan, he aprendido a manejar mis emociones y a vivir con m\u00e1s prop\u00f3sito y claridad.&#8221;\n\n\n\n\n\n\n&#8220;Las herramientas y recursos que me han proporcionado han sido valiosos. \u00a1Gracias, Piktaan!&#8221;\n\n\n\n\n","protected":false},"excerpt":{"rendered":"","protected":false},"author":1,"featured_media":0,"parent":0,"menu_order":0,"comment_status":"closed","ping_status":"closed","template":"","meta":{"pagelayer_contact_templates":[],"_pagelayer_content":"","footnotes":""},"class_list":["post-53","page","type-page","status-publish","hentry"],"_links":{"self":[{"href":"https:\/\/piktaan.com\/inicio\/wp-json\/wp\/v2\/pages\/53","targetHints":{"allow":["GET"]}}],"collection":[{"href":"https:\/\/piktaan.com\/inicio\/wp-json\/wp\/v2\/pages"}],"about":[{"href":"https:\/\/piktaan.com\/inicio\/wp-json\/wp\/v2\/types\/page"}],"author":[{"embeddable":true,"href":"https:\/\/piktaan.com\/inicio\/wp-json\/wp\/v2\/users\/1"}],"replies":[{"embeddable":true,"href":"https:\/\/piktaan.com\/inicio\/wp-json\/wp\/v2\/comments?post=53"}],"version-history":[{"count":2,"href":"https:\/\/piktaan.com\/inicio\/wp-json\/wp\/v2\/pages\/53\/revisions"}],"predecessor-version":[{"id":86,"href":"https:\/\/piktaan.com\/inicio\/wp-json\/wp\/v2\/pages\/53\/revisions\/86"}],"wp:attachment":[{"href":"https:\/\/piktaan.com\/inicio\/wp-json\/wp\/v2\/media?parent=53"}],"curies":[{"name":"wp","href":"https:\/\/api.w.org\/{rel}","templated":true}]}}